{"id":5121,"date":"2019-03-20T11:06:40","date_gmt":"2019-03-20T11:06:40","guid":{"rendered":"http:\/\/5ineprojects.com\/kannada-university\/?page_id=5121"},"modified":"2023-10-11T11:51:19","modified_gmt":"2023-10-11T11:51:19","slug":"desi-indigenes-culture-study-centre-kurubanaktte","status":"publish","type":"page","link":"https:\/\/kannadauniversity.org\/english\/desi-indigenes-culture-study-centre-kurubanaktte\/","title":{"rendered":"Desi (Indigenes) Culture Study Centre , Kurubanaktte"},"content":{"rendered":"<div class=\"wpb-content-wrapper\"><p>[vc_row css=&#8221;.vc_custom_1551354400588{padding-top: 20px !important;padding-right: 20px !important;padding-bottom: 20px !important;padding-left: 20px !important;background-color: #ffffff !important;}&#8221; el_id=&#8221;welcom-kannada&#8221;][vc_column width=&#8221;1\/4&#8243;][vc_column_text]<\/p>\n<h6 style=\"text-align: center;\"><strong>satellite centers<\/strong><\/h6>\n<p>[\/vc_column_text][stm_wp_custommenu nav_menu=&#8221;61&#8243; width=&#8221;100%&#8221; el_class=&#8221;about-menu&#8221;][\/vc_column][vc_column width=&#8221;3\/4&#8243;][stm_title title_tag=&#8221;h5&#8243; title_color=&#8221;custom&#8221; page_title_enable=&#8221;true&#8221; subtitle_enable=&#8221;true&#8221; title_color_custom=&#8221;#000000&#8243; title_margin_b=&#8221;10px&#8221;][\/stm_title][stm_title title_tag=&#8221;h6&#8243; title_color=&#8221;custom&#8221; title_font_weight=&#8221;400&#8243; title_color_custom=&#8221;#000000&#8243; title_font_size=&#8221;15px&#8221; title_line_height=&#8221;25px&#8221; title_margin_b=&#8221;10px&#8221;]The focus of the department is to take up systematic study of Kannada Lliterature in the sense of creative writing and also in the sense of all texts in Kannada both oral and written. The texts (both written and oral) are placed in the larger matrix of culture to research on various issues related to history, society, polity. The literary texts are read and interpreted in the light of recent theories so as to re-read them from the context of the present. The Department has so far organized several seminars and come out with publications on Cultural interface of old texts from the point of view of present context of globalization, nativism and other issues.[\/stm_title][vc_row_inner css=&#8221;.vc_custom_1551353409867{margin-bottom: 20px !important;}&#8221; el_id=&#8221;welcome-about&#8221;][vc_column_inner][vc_single_image image=&#8221;8239&#8243; img_size=&#8221;1000X400&#8243;][\/vc_column_inner][\/vc_row_inner][\/vc_column][vc_column][vc_tta_tour color=&#8221;sky&#8221; active_section=&#8221;1&#8243;][vc_tta_section title=&#8221;Introduction&#8221; tab_id=&#8221;1551782250578-541d3853-3a5d&#8221;][vc_column_text]<\/p>\n<h6><strong>INTRODUCTION<\/strong><\/h6>\n<p>For the past two decades, the word desi has been used and its debate is being heard. Some scholars have studied Desi culture. And published books. Also, Prof. Aravinda Malagatti held a seminar on &#8220;Old Folk Consciousness and Desivada&#8221; (<strong>\u2018\u00a5\u00c1\u00e6a\u00c3\u00a3\u00c0 d\u00a3\u00c0\u00a5\u00c0z\u00c0 \u00a5\u00c0\u00e6e\u00c9\u00d5 \u00aa\u00c0\u00c4v\u00c0\u00c4\u00db z\u00c9\u00c3\u00b9\u00aa\u00c1z\u00c0\u2019<\/strong>) in 1990-91. This is the first attempt by scholars to discuss Desi. Then there is much debate at the Universities level. After the Kannada University opened in Hampi, it expanded its reach as a discussion with new dimensions. Karnataka Sahitya Akademi, Kannada Sahitya Parishat, Karnataka Janapada Akademi also published books on Desi and Desivada. Which provides more opportunities for discussion and dialogue to discuss &#8220;Desi&#8221;. Desi has been continuously debating at Kannada University, Hampi\u00a0 for the last Twenty Five years. Some scholars have published books about Desi. The folklore Department runs an annual conference called Desi. Kannada University, Hampi has started the Desi Center for Culture Studies (Extension Center) in Chamarajanagar district. The center that has completed ten years needs to expand its Academic activities. It is necessary to create more reading and literature in that sense. So it is ready to publish a magazine called &#8220;Desi study&#8221;. It is intended to write research articles from scholars of various disciplines. And the magazine wants to give young writers the right opportunity.<\/p>\n<p>In this context, Desi- Agricultural practice, Desi- Medicinal system, Desi-dress code is a good way of life. For that purpose, urban residents are moving towards the village seeking desi life. The Desi Culture Study needs to play a significant role in such transition. That is why the Kannada University, Hampi has set up an extension center at Kurubanakatte in Kollegal Taluk, Chamarajanagar, in the southern district of Karnataka, to encourage and sustain the culture of Desi.<\/p>\n<p>Using local expert scholars as resource persons, it is aimed at promoting desi culture, writing books, organizing special lectures, and convincing modern generations of the best practices of the entire Desi culture. It is the main objective of the Desi culture study center.[\/vc_column_text][\/vc_tta_section][vc_tta_section title=&#8221;Vission and Mission&#8221; tab_id=&#8221;1551782250579-b13d6b1a-924f&#8221;][vc_column_text el_class=&#8221;language-list&#8221;]<\/p>\n<h6><strong>Vision Statement of the Department<\/strong><\/h6>\n<ol>\n<li>Establishing indigenes (Desi) medicinal plants garden<\/li>\n<li>Developing indigenes (Desi) library:<\/li>\n<li>Developing indigenes (Desi) museum:<\/li>\n<li>Indigenes (Desi) news collect unit:<\/li>\n<li>Indigenes (Desi) cultural unit:<\/li>\n<li>Indigenes (Desi) study, research &amp; training centre:<\/li>\n<li>Publishing of 100 books on indigenes (Desi) culture under\u00a0 \u201cDesi Samskruthi Maale\u201d Project.<\/li>\n<\/ol>\n<h6><strong>Mission Statement of the Department<\/strong><\/h6>\n<ul>\n<li>Developing Desi medicinal plants garden, Launching Diploma and First Aid Certificate Courses on Desi Medicine. Making drugs available at the lowest prices for the public using the service of trained talented students and experts.<\/li>\n<li>Getting books from retired Professors, Principals, faculty and officials in the district. This will start Desi Library in zero capital. Providing Library access to local research students.<\/li>\n<li>Launching a Desi Museum by collecting old items from rural areas. Writing a drawing of rare items that are not available. Buying a suitable price for valuable materials the Museum has been developed to represent the Desi culture.<\/li>\n<li>Collection of old newspapers from local citizens free of cost. The most important thing to do is to copy and paste the contents of the sheet into the computer to allow researchers to use it as a source.<\/li>\n<li>The Center is conducting a state and National Cultural Conference once every 2 years.<\/li>\n<li>Using Directness of Local Content Experts. Guidance for students interested in education and research in accordance with the Center\u2019s objectives workshop and training on handicrafts, Folk Art, and First Aid issues.<\/li>\n<li>The project has already been implemented to publish <strong>60 <\/strong>books under the\u201cDesi Samskruthi Maale\u201d<\/li>\n<\/ul>\n<p>[\/vc_column_text][\/vc_tta_section][vc_tta_section title=&#8221;Uniqueness of the Department&#8221; tab_id=&#8221;1551783302733-0ddcd8c4-1f3d&#8221;][vc_column_text]<\/p>\n<h6><strong>Uniqueness of the Departmen<\/strong><strong>t<\/strong><\/h6>\n<p>Generally the subjects studying at the University, such as Sociology, Anthropology, Economics, Geography, Linguistics, history etc, are limited to those matters. But Desi Culture Study conducts study in every aspect of Society.[\/vc_column_text][\/vc_tta_section][vc_tta_section title=&#8221;Department Profile&#8221; tab_id=&#8221;1551783308061-f6ed8aa5-fdcb&#8221;][vc_column_text]<\/p>\n<h6><strong>Department Profile<\/strong><\/h6>\n<p><iframe src=\"https:\/\/kannadauniversity.org\/english\/wp-content\/uploads\/2019\/pdf\/academics\/Desi Centre Profile.pdf\" width=\"100%\" height=\"500px\">Your browser does not support iframes.<\/iframe><\/p>\n<p>&nbsp;[\/vc_column_text][\/vc_tta_section][vc_tta_section title=&#8221;Major Programs&#8221; tab_id=&#8221;1551783311892-2bfbe6ba-5b36&#8243;][vc_column_text]<\/p>\n<h6><strong>Major Programs\/Courses of the Department<\/strong><\/h6>\n<p>Ph.D.<\/p>\n<p>M.Phil.[\/vc_column_text][\/vc_tta_section][vc_tta_section title=&#8221;Details of the Faculty&#8221; tab_id=&#8221;1551784449096-4b205894-d538&#8243;][vc_column_text el_id=&#8221;table-cell&#8221;]<\/p>\n<h6><strong>Details of the faculties :<\/strong><\/h6>\n<p>\n<table id=\"tablepress-DesiFaculities\" class=\"tablepress tablepress-id-DesiFaculities\">\n<thead>\n<tr class=\"row-1 odd\">\n\t<th class=\"column-1\">Name<\/th><th class=\"column-2\">Designation<\/th><th class=\"column-3\">Highest Qualification<\/th><th class=\"column-4\">Specialization<\/th>\n<\/tr>\n<\/thead>\n<tbody class=\"row-hover\">\n<tr class=\"row-2 even\">\n\t<td class=\"column-1\"><a href=\"http:\/\/kannadauniversity.org\/english\/wp-content\/uploads\/2019\/pdf\/academics\/k.p.k%20maratti%20Bio-data.pdf\" rel=\"noopener\" target=\"_blank\">Pro. Keshavan Prasad K <\/a><\/td><td class=\"column-2\">Professor<\/td><td class=\"column-3\">Ph.D.<\/td><td class=\"column-4\">Folklore, Tribal Studies Literature and Linguistics<\/td>\n<\/tr>\n<\/tbody>\n<\/table>\n<!-- #tablepress-DesiFaculities from cache -->[\/vc_column_text][\/vc_tta_section][vc_tta_section title=&#8221;Conference&#8221; tab_id=&#8221;1551785200286-6349a1c2-7fbe&#8221;][vc_column_text]<\/p>\n<h6><strong>Conferences\/ Seminars \/ Workshops\/ Endowment Lectures etc. Organised by the Department.<\/strong><\/h6>\n<p><iframe src=\"https:\/\/kannadauniversity.org\/english\/wp-content\/uploads\/2019\/pdf\/academics\/Conferences-Desi.pdf\" width=\"100%\" height=\"700px\">Your browser does not support iframes.<\/iframe>[\/vc_column_text][\/vc_tta_section][vc_tta_section title=&#8221;Major research Projects&#8221; tab_id=&#8221;1551784682180-1d357916-1533&#8243;][vc_column_text el_id=&#8221;table-cell&#8221;]<\/p>\n<h6><strong>Research Projects undertaken in the Department<\/strong><\/h6>\n<p>\n<table id=\"tablepress-desi-researchproject\" class=\"tablepress tablepress-id-desi-researchproject\">\n<thead>\n<tr class=\"row-1 odd\">\n\t<th class=\"column-1\">Name<\/th><th class=\"column-2\">Title of the Project<\/th><th class=\"column-3\">Funding Agency<\/th><th class=\"column-4\">Amount<\/th><th class=\"column-5\">Year<\/th><th class=\"column-6\">Completed \/ on Going<\/th>\n<\/tr>\n<\/thead>\n<tbody class=\"row-hover\">\n<tr class=\"row-2 even\">\n\t<td class=\"column-1\">Prof.Keshavan Prasad.K<br \/>\nCo-ordinator <br \/>\n<\/td><td class=\"column-2\">Forest and Folklore in Karnataka (Group Project)<\/td><td class=\"column-3\">UGC\/SAP\/<br \/>\nDSP-III<br \/>\n<\/td><td class=\"column-4\">33,00,000\/-<\/td><td class=\"column-5\">2009-14<\/td><td class=\"column-6\">Completed<\/td>\n<\/tr>\n<tr class=\"row-3 odd\">\n\t<td class=\"column-1\">Prof.Keshavan Prasad.K<\/td><td class=\"column-2\">Malai Madeshwara Epic: Cultural Glossary.<br \/>\n(Malai Madeshwara Kavya: Samskrutika Padakosha)<br \/>\n<\/td><td class=\"column-3\">Kannada University, Hampi<\/td><td class=\"column-4\">Not Claimed <\/td><td class=\"column-5\">2013-15<\/td><td class=\"column-6\">Completed<\/td>\n<\/tr>\n<\/tbody>\n<\/table>\n<!-- #tablepress-desi-researchproject from cache -->[\/vc_column_text][\/vc_tta_section][vc_tta_section title=&#8221;Details of Publications&#8221; tab_id=&#8221;1551785406415-4673b671-d2de&#8221;][vc_column_text]<\/p>\n<h6><strong>Details of Publications, Books and Research Articles (with ISBN,ISSN and without ISBN, ISSN) :\u00a0<\/strong><\/h6>\n<p><iframe src=\"https:\/\/kannadauniversity.org\/english\/wp-content\/uploads\/2019\/pdf\/academics\/Details of Publications Books-Desi.pdf\" width=\"100%\" height=\"500px\">Your browser does not support iframes.<\/iframe>[\/vc_column_text][\/vc_tta_section][vc_tta_section title=&#8221;Events&#8221; tab_id=&#8221;1553081232926-76980bcf-c550&#8243;][vc_column_text]<\/p>\n<h6><strong>Events : <\/strong><\/h6>\n<p>Content Required from client[\/vc_column_text][\/vc_tta_section][vc_tta_section title=&#8221;Gallery&#8221; tab_id=&#8221;1551788450479-8c9a0e59-1bbe&#8221;][vc_column_text]<\/p>\n<h6><strong>Photo Gallery<\/strong><\/h6>\n<p>Image required from client[\/vc_column_text][\/vc_tta_section][vc_tta_section title=&#8221;Contact Us&#8221; tab_id=&#8221;1551788833391-58350cb7-6453&#8243;][vc_column_text]<\/p>\n<h6><strong>Contact Us<\/strong><\/h6>\n<p><strong>Dr. Venkatesh Indwadi<\/strong><\/p>\n<p><strong>Desi Samskruthi Adhyayana Kendra<\/strong><\/p>\n<p><strong>Kurubanakatte, Regional\u00a0\u00a0\u00a0\u00a0\u00a0\u00a0\u00a0\u00a0\u00a0\u00a0\u00a0\u00a0\u00a0\u00a0\u00a0\u00a0\u00a0\u00a0\u00a0\u00a0\u00a0\u00a0\u00a0\u00a0\u00a0\u00a0\u00a0\u00a0\u00a0\u00a0\u00a0\u00a0\u00a0\u00a0\u00a0\u00a0\u00a0\u00a0\u00a0\u00a0\u00a0\u00a0\u00a0\u00a0\u00a0\u00a0\u00a0\u00a0\u00a0\u00a0\u00a0\u00a0\u00a0\u00a0\u00a0\u00a0\u00a0\u00a0\u00a0\u00a0\u00a0\u00a0\u00a0\u00a0\u00a0\u00a0\u00a0\u00a0\u00a0\u00a0\u00a0\u00a0\u00a0\u00a0<\/strong><\/p>\n<p><strong>\u00a0Center, Kollegala, (Kannada V.V. Hampi)<\/strong><\/p>\n<p><strong>Chamarajanagara.\u00a0\u00a0\u00a0\u00a0\u00a0\u00a0\u00a0\u00a0<\/strong><\/p>\n<p><strong>Cell: +<\/strong><\/p>\n<p><strong>E-Mail:<\/strong>[\/vc_column_text][\/vc_tta_section][\/vc_tta_tour][\/vc_column][\/vc_row]<\/p>\n<\/div>","protected":false},"excerpt":{"rendered":"<p>[vc_row css=&#8221;.vc_custom_1551354400588{padding-top: 20px !important;padding-right: 20px !important;padding-bottom: 20px !important;padding-left: 20px !important;background-color: #ffffff !important;}&#8221; el_id=&#8221;welcom-kannada&#8221;][vc_column width=&#8221;1\/4&#8243;][vc_column_text] satellite centers [\/vc_column_text][stm_wp_custommenu nav_menu=&#8221;61&#8243; width=&#8221;100%&#8221; el_class=&#8221;about-menu&#8221;][\/vc_column][vc_column width=&#8221;3\/4&#8243;][stm_title title_tag=&#8221;h5&#8243; title_color=&#8221;custom&#8221; page_title_enable=&#8221;true&#8221; subtitle_enable=&#8221;true&#8221; title_color_custom=&#8221;#000000&#8243; title_margin_b=&#8221;10px&#8221;][\/stm_title][stm_title title_tag=&#8221;h6&#8243; title_color=&#8221;custom&#8221; title_font_weight=&#8221;400&#8243; [&hellip;]<\/p>\n","protected":false},"author":1,"featured_media":0,"parent":0,"menu_order":0,"comment_status":"closed","ping_status":"closed","template":"","meta":{"content-type":"","ngg_post_thumbnail":0,"footnotes":""},"class_list":["post-5121","page","type-page","status-publish","hentry"],"_links":{"self":[{"href":"https:\/\/kannadauniversity.org\/english\/wp-json\/wp\/v2\/pages\/5121"}],"collection":[{"href":"https:\/\/kannadauniversity.org\/english\/wp-json\/wp\/v2\/pages"}],"about":[{"href":"https:\/\/kannadauniversity.org\/english\/wp-json\/wp\/v2\/types\/page"}],"author":[{"embeddable":true,"href":"https:\/\/kannadauniversity.org\/english\/wp-json\/wp\/v2\/users\/1"}],"replies":[{"embeddable":true,"href":"https:\/\/kannadauniversity.org\/english\/wp-json\/wp\/v2\/comments?post=5121"}],"version-history":[{"count":28,"href":"https:\/\/kannadauniversity.org\/english\/wp-json\/wp\/v2\/pages\/5121\/revisions"}],"predecessor-version":[{"id":10354,"href":"https:\/\/kannadauniversity.org\/english\/wp-json\/wp\/v2\/pages\/5121\/revisions\/10354"}],"wp:attachment":[{"href":"https:\/\/kannadauniversity.org\/english\/wp-json\/wp\/v2\/media?parent=5121"}],"curies":[{"name":"wp","href":"https:\/\/api.w.org\/{rel}","templated":true}]}}